{"id":111,"date":"2021-12-08T16:23:21","date_gmt":"2021-12-08T16:23:21","guid":{"rendered":"https:\/\/cvsbologna.com\/?page_id=111"},"modified":"2026-02-02T18:58:05","modified_gmt":"2026-02-02T18:58:05","slug":"eventi","status":"publish","type":"page","link":"https:\/\/cvsbologna.com\/?page_id=111","title":{"rendered":"Eventi"},"content":{"rendered":"\n<h2 class=\"alignwide wp-block-heading\">2026<\/h2>\n\n\n\n<p class=\"has-text-align-left alignwide\"><em> <em>Concorso<\/em> &#8220;<em>Una chitarra per iniziar<\/em>e&#8221; <\/em><\/p>\n\n\n\n<p class=\"has-text-align-left\">Il Centro Volontariato Sociale (C.V.S.), in stretta collaborazione con il Liceo Musicale &#8220;Lucio Dalla&#8221; (parte del Liceo Statale \u201cLaura Bassi\u201d di Bologna) e la rete \u201cFelsina Harmonica\u201d, \u00e8 lieto di annunciare l&#8217;edizione 2026 del concorso &#8220;Una chitarra per Iniziare&#8221;.<br>L&#8217;iniziativa, che si concluder\u00e0 entro il mese di maggio, nasce per promuovere la cultura musicale tra i pi\u00f9 giovani attraverso le attivit\u00e0 socio-formative del quartiere San Donato &#8211; San Vitale.<\/p>\n\n\n\n<p>Allegati:<\/p>\n\n\n\n<ul class=\"wp-block-list\"><li><a href=\"https:\/\/cvsbologna.com\/wp-content\/uploads\/2026\/02\/concorso-una-chitarra-per-iniziare-2026.pdf\">Bando<\/a><\/li><li><a href=\"https:\/\/cvsbologna.com\/wp-content\/uploads\/2026\/02\/domanda-concorso-chitarra-2026.docx\">Domanda di partecipazione<\/a><\/li><li><a href=\"https:\/\/cvsbologna.com\/wp-content\/uploads\/2026\/02\/autorizzazione-minori-chitarra-2026.docx\">Autorizzazione per minori<\/a><\/li><\/ul>\n\n\n\n<h2 class=\"alignwide wp-block-heading\">2023<\/h2>\n\n\n\n<p class=\"has-text-align-left alignwide\"><em>Concerto di Natale<\/em><\/p>\n\n\n\n<figure class=\"wp-block-gallery columns-1 is-cropped wp-block-gallery-1 is-layout-flex wp-block-gallery-is-layout-flex\"><ul class=\"blocks-gallery-grid\"><li class=\"blocks-gallery-item\"><figure><img loading=\"lazy\" decoding=\"async\" width=\"724\" height=\"1024\" src=\"https:\/\/cvsbologna.com\/wp-content\/uploads\/2023\/12\/Locandina_Natale_2023-724x1024.jpg\" alt=\"\" data-id=\"696\" data-full-url=\"https:\/\/cvsbologna.com\/wp-content\/uploads\/2023\/12\/Locandina_Natale_2023-scaled.jpg\" data-link=\"https:\/\/cvsbologna.com\/?attachment_id=696\" class=\"wp-image-696\" srcset=\"https:\/\/cvsbologna.com\/wp-content\/uploads\/2023\/12\/Locandina_Natale_2023-724x1024.jpg 724w, https:\/\/cvsbologna.com\/wp-content\/uploads\/2023\/12\/Locandina_Natale_2023-212x300.jpg 212w, https:\/\/cvsbologna.com\/wp-content\/uploads\/2023\/12\/Locandina_Natale_2023-768x1086.jpg 768w, https:\/\/cvsbologna.com\/wp-content\/uploads\/2023\/12\/Locandina_Natale_2023-1086x1536.jpg 1086w, https:\/\/cvsbologna.com\/wp-content\/uploads\/2023\/12\/Locandina_Natale_2023-1448x2048.jpg 1448w, https:\/\/cvsbologna.com\/wp-content\/uploads\/2023\/12\/Locandina_Natale_2023-1568x2218.jpg 1568w, https:\/\/cvsbologna.com\/wp-content\/uploads\/2023\/12\/Locandina_Natale_2023-scaled.jpg 1810w\" sizes=\"auto, (max-width: 724px) 100vw, 724px\" \/><\/figure><\/li><\/ul><\/figure>\n\n\n\n<p class=\"has-text-align-left alignwide\"><em>Concorso<\/em> &#8220;<em>Un violino per iniziare\u2026<\/em>&#8220;<\/p>\n\n\n\n<p>Promosso assieme al Conservatorio di Musica \u201cG.B. Martini\u201d di Bologna, il concorso \u00e8 indirizzato a giovani violinisti\/e desiderosi\/e di proseguire il percorso di studi ed intraprendere una carriera professionale che non abbiano compiuto il diciottesimo anno di et\u00e0 al momento della presentazione della domanda di partecipazione o comunque al 15\/10\/2023, data di chiusura del bando.<\/p>\n\n\n\n<p>\u00c8 prevista una fase di preselezione al termine della quale fino a 25 candidati saranno ammessi alle audizioni &#8211; ovvero l&#8217;esecuzione del brano prescelto avente durata non superiore a minuti dieci &#8211; programmate per le giornate del 27\/28 ottobre 2023 e seguite dalla premiazione.<\/p>\n\n\n\n<p>Per il primo classificato sar\u00e0 posto in palio un violino realizzato nel laboratorio di liuteria del CVS sotto il coordinamento del Maestro Liutaio Gianni Orsini, gi\u00e0 allievo di Otello Bignami, in particolare l&#8217;esemplare suonato dal Prof. Enrico Orlando in occasione del <em>Concerto di Natale<\/em> 2022:<\/p>\n\n\n\n<figure class=\"wp-block-video\"><video height=\"360\" style=\"aspect-ratio: 640 \/ 360;\" width=\"640\" controls src=\"https:\/\/cvsbologna.com\/wp-content\/uploads\/2023\/04\/Violino convertito.mp4\"><\/video><figcaption>Estratto dal <em>Concerto di Natale<\/em> 2022<\/figcaption><\/figure>\n\n\n\n<p>A secondo e terzo classificati sar\u00e0 consegnata una Gift Card.<\/p>\n\n\n\n<p>Le domande di partecipazione devono essere inviate entro e non oltre il 15\/10\/2023.<\/p>\n\n\n\n<p>Per i dettagli consultate il bando!<\/p>\n\n\n\n<p>Allegati:<\/p>\n\n\n\n<ul class=\"wp-block-list\"><li><a rel=\"noreferrer noopener\" href=\"https:\/\/cvsbologna.com\/wp-content\/uploads\/2023\/04\/bando-concorso-CVS-2023.docx\" target=\"_blank\">Ba<\/a><a href=\"https:\/\/cvsbologna.com\/wp-content\/uploads\/2023\/07\/bando-concorso-CVS-2023.docx\">ndo<\/a><\/li><li><a href=\"https:\/\/cvsbologna.com\/wp-content\/uploads\/2023\/04\/domanda-concorso-CVS-2023.docx\">Domanda di partecipazione<\/a><\/li><li><a href=\"https:\/\/cvsbologna.com\/wp-content\/uploads\/2023\/04\/autorizzazione-minori-concorso-CVS-2023.docx\">Autorizzazione per minori<\/a><\/li><li><a href=\"https:\/\/cvsbologna.com\/wp-content\/uploads\/2023\/10\/invito-concorso-2023.jpg\" data-type=\"URL\" data-id=\"https:\/\/cvsbologna.com\/wp-content\/uploads\/2023\/10\/invito-concorso-2023.jpg\" target=\"_blank\" rel=\"noreferrer noopener\">Invito<\/a><\/li><\/ul>\n\n\n\n<hr class=\"wp-block-separator\"\/>\n\n\n\n<h2 class=\"alignwide has-text-align-left wp-block-heading\">2022<\/h2>\n\n\n\n<p class=\"has-text-align-left alignwide\"><em>Concerto di Natale<\/em><\/p>\n\n\n\n<figure class=\"wp-block-image size-large\"><img loading=\"lazy\" decoding=\"async\" width=\"724\" height=\"1024\" src=\"https:\/\/cvsbologna.com\/wp-content\/uploads\/2023\/04\/Locandina_Natale_concerto_2022_s-page-001-724x1024.jpg\" alt=\"\" class=\"wp-image-484\" srcset=\"https:\/\/cvsbologna.com\/wp-content\/uploads\/2023\/04\/Locandina_Natale_concerto_2022_s-page-001-724x1024.jpg 724w, https:\/\/cvsbologna.com\/wp-content\/uploads\/2023\/04\/Locandina_Natale_concerto_2022_s-page-001-212x300.jpg 212w, https:\/\/cvsbologna.com\/wp-content\/uploads\/2023\/04\/Locandina_Natale_concerto_2022_s-page-001-768x1086.jpg 768w, https:\/\/cvsbologna.com\/wp-content\/uploads\/2023\/04\/Locandina_Natale_concerto_2022_s-page-001-1086x1536.jpg 1086w, https:\/\/cvsbologna.com\/wp-content\/uploads\/2023\/04\/Locandina_Natale_concerto_2022_s-page-001.jpg 1240w\" sizes=\"auto, (max-width: 724px) 100vw, 724px\" \/><\/figure>\n\n\n\n<hr class=\"wp-block-separator\"\/>\n\n\n\n<h2 class=\"alignwide wp-block-heading\">2021<\/h2>\n\n\n\n<p class=\"has-text-align-left alignwide\"><em>Esibizione Archi al Pilastro<\/em><\/p>\n\n\n\n<figure class=\"wp-block-image size-large\"><img loading=\"lazy\" decoding=\"async\" width=\"724\" height=\"1024\" src=\"https:\/\/cvsbologna.com\/wp-content\/uploads\/2023\/04\/archi-al-pilastro_VOLANTINO-A4-page-001-724x1024.jpg\" alt=\"\" class=\"wp-image-476\" srcset=\"https:\/\/cvsbologna.com\/wp-content\/uploads\/2023\/04\/archi-al-pilastro_VOLANTINO-A4-page-001-724x1024.jpg 724w, https:\/\/cvsbologna.com\/wp-content\/uploads\/2023\/04\/archi-al-pilastro_VOLANTINO-A4-page-001-212x300.jpg 212w, https:\/\/cvsbologna.com\/wp-content\/uploads\/2023\/04\/archi-al-pilastro_VOLANTINO-A4-page-001-768x1086.jpg 768w, https:\/\/cvsbologna.com\/wp-content\/uploads\/2023\/04\/archi-al-pilastro_VOLANTINO-A4-page-001-1086x1536.jpg 1086w, https:\/\/cvsbologna.com\/wp-content\/uploads\/2023\/04\/archi-al-pilastro_VOLANTINO-A4-page-001.jpg 1240w\" sizes=\"auto, (max-width: 724px) 100vw, 724px\" \/><\/figure>\n\n\n\n<hr class=\"wp-block-separator alignfull\"\/>\n\n\n\n<p>Sabato 18 dicembre 2021 alle ore 17 presso la Galleria del Centro Commerciale Pilastro (Via Pirandello, 14) si tiene un&#8217;esibizione musicale di strumenti ad arco interamente realizzati nella liuteria del Centro Volontario Sociale CVS ad opera dei suoi soci e frequentatori sotto la guida del Maestro liutaio Gianni Orsini.<\/p>\n\n\n\n<p>Gradita prenotazione al 328 3383641, obbligatori green pass e mascherina.<\/p>\n","protected":false},"excerpt":{"rendered":"<p>2026 Concorso &#8220;Una chitarra per iniziare&#8221; Il Centro Volontariato Sociale (C.V.S.), in stretta collaborazione con il Liceo Musicale &#8220;Lucio Dalla&#8221; (parte del Liceo Statale \u201cLaura Bassi\u201d di Bologna) e la rete \u201cFelsina Harmonica\u201d, \u00e8 lieto di annunciare l&#8217;edizione 2026 del concorso &#8220;Una chitarra per Iniziare&#8221;.L&#8217;iniziativa, che si concluder\u00e0 entro il mese di maggio, nasce per&hellip; <a class=\"more-link\" href=\"https:\/\/cvsbologna.com\/?page_id=111\">Continua a leggere <span class=\"screen-reader-text\">Eventi<\/span><\/a><\/p>\n","protected":false},"author":1,"featured_media":0,"parent":0,"menu_order":2,"comment_status":"closed","ping_status":"closed","template":"","meta":{"ngg_post_thumbnail":0,"footnotes":""},"class_list":["post-111","page","type-page","status-publish","hentry","entry"],"_links":{"self":[{"href":"https:\/\/cvsbologna.com\/index.php?rest_route=\/wp\/v2\/pages\/111","targetHints":{"allow":["GET"]}}],"collection":[{"href":"https:\/\/cvsbologna.com\/index.php?rest_route=\/wp\/v2\/pages"}],"about":[{"href":"https:\/\/cvsbologna.com\/index.php?rest_route=\/wp\/v2\/types\/page"}],"author":[{"embeddable":true,"href":"https:\/\/cvsbologna.com\/index.php?rest_route=\/wp\/v2\/users\/1"}],"replies":[{"embeddable":true,"href":"https:\/\/cvsbologna.com\/index.php?rest_route=%2Fwp%2Fv2%2Fcomments&post=111"}],"version-history":[{"count":56,"href":"https:\/\/cvsbologna.com\/index.php?rest_route=\/wp\/v2\/pages\/111\/revisions"}],"predecessor-version":[{"id":758,"href":"https:\/\/cvsbologna.com\/index.php?rest_route=\/wp\/v2\/pages\/111\/revisions\/758"}],"wp:attachment":[{"href":"https:\/\/cvsbologna.com\/index.php?rest_route=%2Fwp%2Fv2%2Fmedia&parent=111"}],"curies":[{"name":"wp","href":"https:\/\/api.w.org\/{rel}","templated":true}]}}